{"id":19,"date":"2021-01-09T19:56:39","date_gmt":"2021-01-09T19:56:39","guid":{"rendered":"https:\/\/balticsniper.lt\/?page_id=19"},"modified":"2024-11-30T12:09:47","modified_gmt":"2024-11-30T10:09:47","slug":"home","status":"publish","type":"page","link":"https:\/\/www.balticsniper.lt\/","title":{"rendered":"Apie mus"},"content":{"rendered":"<p>Mes padedame pasiekti j\u016bs\u0173 tikslus ir&#8230;. taikinius.<\/p><p><em>Pra\u0161ome kantryb\u0117s. Informacija ruo\u0161iama ir pildoma.<\/em><\/p><meta name=\"verify-paysera\" content=\"233861fbe317ca4ffe04080f9efa91e9\"><p><\/p>","protected":false},"excerpt":{"rendered":"<p>Mes padedame pasiekti j\u016bs\u0173 tikslus ir&#8230;. taikinius. Pra\u0161ome kantryb\u0117s. Informacija ruo\u0161iama ir pildoma.<\/p>\n","protected":false},"author":1,"featured_media":0,"parent":0,"menu_order":0,"comment_status":"closed","ping_status":"closed","template":"","meta":{"footnotes":""},"class_list":["post-19","page","type-page","status-publish","hentry"],"jetpack_sharing_enabled":true,"_links":{"self":[{"href":"https:\/\/www.balticsniper.lt\/index.php?rest_route=\/wp\/v2\/pages\/19","targetHints":{"allow":["GET"]}}],"collection":[{"href":"https:\/\/www.balticsniper.lt\/index.php?rest_route=\/wp\/v2\/pages"}],"about":[{"href":"https:\/\/www.balticsniper.lt\/index.php?rest_route=\/wp\/v2\/types\/page"}],"author":[{"embeddable":true,"href":"https:\/\/www.balticsniper.lt\/index.php?rest_route=\/wp\/v2\/users\/1"}],"replies":[{"embeddable":true,"href":"https:\/\/www.balticsniper.lt\/index.php?rest_route=%2Fwp%2Fv2%2Fcomments&post=19"}],"version-history":[{"count":8,"href":"https:\/\/www.balticsniper.lt\/index.php?rest_route=\/wp\/v2\/pages\/19\/revisions"}],"predecessor-version":[{"id":298,"href":"https:\/\/www.balticsniper.lt\/index.php?rest_route=\/wp\/v2\/pages\/19\/revisions\/298"}],"wp:attachment":[{"href":"https:\/\/www.balticsniper.lt\/index.php?rest_route=%2Fwp%2Fv2%2Fmedia&parent=19"}],"curies":[{"name":"wp","href":"https:\/\/api.w.org\/{rel}","templated":true}]}}