{"id":20,"date":"2021-01-09T19:56:39","date_gmt":"2021-01-09T19:56:39","guid":{"rendered":"https:\/\/balticsniper.lt\/?page_id=20"},"modified":"2021-01-14T20:26:50","modified_gmt":"2021-01-14T18:26:50","slug":"about","status":"publish","type":"page","link":"https:\/\/www.balticsniper.lt\/?page_id=20","title":{"rendered":"Paslaugos"},"content":{"rendered":"<p><strong>M\u016bs\u0173 teikiamos paslaugos<\/strong><\/p><ul class=\"wp-block-list\"><li>Vis\u0173 snaiperinio komplekso dali\u0173 parinkimas, tiekimas, suderinimas<\/li><li>&#8222;Custom&#8221; taktini\u0173, sportini\u0173, med\u017eioklini\u0173 ginkl\u0173 komplektacija, surinkimas<\/li><li>Standartini\u0173 ginkl\u0173 modernizavimas &#8211; tuning&#8217;as <\/li><li><a href=\"https:\/\/www.balticsniper.lt\/?p=142\" data-type=\"post\" data-id=\"142\"><span style=\"font-size: 1rem;\">Ginkl\u0173 vamzd\u017eiai<\/span> &#8211; keitimas, konfiguracijos reguliavimas, kalibro keitimas, konturo keitimas, sriegiai ir t.t. <\/a><\/li><li>Ginkl\u0173 grupi\u0173\/spyn\u0173 geometrijos taisymas (action blueprinting, bolt blueprinting, barrel timing)<\/li><li>Kompensatoriai, vamzdzio tuneriai ir t.t.<\/li><li>Nuleistuk\u0173 montavimas ir reguliavimas<\/li><li>\u0160audmen\u0173 pritaikymas j\u016bs\u0173 ginklui<\/li><li>\u0160audmen\u0173 u\u017etaisymas j\u016bs\u0173 ginklui<\/li><li>\u0160audmen\u0173 grei\u010dio matavimas<\/li><li><span style=\"font-size: 1rem;\">Snaiperinio komplekso &#8222;\u012f\u0161audymas&#8221; iki 1000+ metr\u0173<\/span> &#8211; Balistinio kalkuliatoriaus ir D.O.P.E (data on previuos engagements ) surinkimas<\/li><li>Optinio taikiklio balistinio bok\u0161telio kalibravimas, Optinio taikiklio montavimas<\/li><li>Sen\u0173 ginkl\u0173 modernizacija ir pritaikymas \u0161iuolaikiems taktiniams ir sporto poreikiams.<\/li><\/ul><p><\/p>","protected":false},"excerpt":{"rendered":"<p>M\u016bs\u0173 teikiamos paslaugos Vis\u0173 snaiperinio komplekso dali\u0173 parinkimas, tiekimas, suderinimas &#8222;Custom&#8221; taktini\u0173, sportini\u0173, med\u017eioklini\u0173 ginkl\u0173 komplektacija, surinkimas Standartini\u0173 ginkl\u0173 modernizavimas &#8211; tuning&#8217;as Ginkl\u0173 vamzd\u017eiai &#8211; keitimas, konfiguracijos reguliavimas, kalibro keitimas, konturo keitimas, sriegiai ir t.t. Ginkl\u0173 grupi\u0173\/spyn\u0173 geometrijos taisymas (action blueprinting, bolt blueprinting, barrel timing) Kompensatoriai, vamzdzio tuneriai ir t.t. Nuleistuk\u0173 montavimas ir reguliavimas \u0160audmen\u0173 &hellip; <\/p>\n<p class=\"link-more\"><a href=\"https:\/\/www.balticsniper.lt\/?page_id=20\" class=\"more-link\">Toliau skaityti<span class=\"screen-reader-text\"> &#8222;Paslaugos&#8221;<\/span><\/a><\/p>\n","protected":false},"author":1,"featured_media":0,"parent":0,"menu_order":0,"comment_status":"closed","ping_status":"closed","template":"","meta":{"footnotes":""},"class_list":["post-20","page","type-page","status-publish","hentry"],"jetpack_sharing_enabled":true,"_links":{"self":[{"href":"https:\/\/www.balticsniper.lt\/index.php?rest_route=\/wp\/v2\/pages\/20","targetHints":{"allow":["GET"]}}],"collection":[{"href":"https:\/\/www.balticsniper.lt\/index.php?rest_route=\/wp\/v2\/pages"}],"about":[{"href":"https:\/\/www.balticsniper.lt\/index.php?rest_route=\/wp\/v2\/types\/page"}],"author":[{"embeddable":true,"href":"https:\/\/www.balticsniper.lt\/index.php?rest_route=\/wp\/v2\/users\/1"}],"replies":[{"embeddable":true,"href":"https:\/\/www.balticsniper.lt\/index.php?rest_route=%2Fwp%2Fv2%2Fcomments&post=20"}],"version-history":[{"count":5,"href":"https:\/\/www.balticsniper.lt\/index.php?rest_route=\/wp\/v2\/pages\/20\/revisions"}],"predecessor-version":[{"id":144,"href":"https:\/\/www.balticsniper.lt\/index.php?rest_route=\/wp\/v2\/pages\/20\/revisions\/144"}],"wp:attachment":[{"href":"https:\/\/www.balticsniper.lt\/index.php?rest_route=%2Fwp%2Fv2%2Fmedia&parent=20"}],"curies":[{"name":"wp","href":"https:\/\/api.w.org\/{rel}","templated":true}]}}