{"id":219,"date":"2023-11-29T11:32:22","date_gmt":"2023-11-29T09:32:22","guid":{"rendered":"https:\/\/www.balticsniper.lt\/?page_id=219"},"modified":"2024-07-24T19:50:53","modified_gmt":"2024-07-24T16:50:53","slug":"sporto-komanda","status":"publish","type":"page","link":"https:\/\/www.balticsniper.lt\/?page_id=219","title":{"rendered":"Sporto komanda"},"content":{"rendered":"<p>Baltic sniper &#8211; Precizinio \u0161audymo sporto komanda<\/p><div class=\"wp-block-columns is-layout-flex wp-container-core-columns-is-layout-9d6595d7 wp-block-columns-is-layout-flex\"><div class=\"wp-block-column is-layout-flow wp-block-column-is-layout-flow\" style=\"flex-basis:100%\"><div class=\"wp-block-group\"><div class=\"wp-block-group__inner-container is-layout-constrained wp-block-group-is-layout-constrained\"><figure class=\"wp-block-table\"><table><tbody><tr><td>Mindaugas Ka\u0161alynas<br><\/td><td>Vygandas Dubickas<br><\/td><\/tr><tr><td><strong>Disciplinos:<\/strong><br>Precision rifle centerfire \/ rimfire<br>Tactical sniper<\/td><td><strong>Disciplinos:&nbsp;<\/strong><br>Precision rifle centerfire \/ Tactical Sniper&nbsp;<\/td><\/tr><tr><td><strong>\u012eranga:<br><\/strong>Impact Precision 737R<br>Spuhr SICS Chassis<br>Cal. 6mm BR \/ .308 Win<br>Bartlein vamzdis<br>Bix n Andy Tac sport pro nuleistukas<br>T.S.G Sweden YMIR kompensatorius<br>Zero Compromise 8-40 optinis taikiklis\u00a0<br>Spuhr ISMS monoblokas<br>MDT Ckye pod double pull kojel\u0117s<br>MDT elektrinis guls\u010diukas<br>RRS trikojis<br>Drengr Precision Fatwolf \u0161audymo mai\u0161as<br>Coletac \u0161audymo mai\u0161as Flat bag<br>Lufa &#8222;tactical table&#8221;<\/td><td><strong>\u012eranga:\u00a0<\/strong><br>Impact Precision 737R<br>Spuhr SICS Chassis<br>Cal. 6mm BR <br>Bartlein vamzdis<br>Triggertech Diamond nuleistukas<br>T.S.G Sweden YMIR kompensatorius<br>Zero Compromise 5-27 optinis taikiklis\u00a0<br>Zero Compromise monoblokas\u00a0<br>Tier-One kojel\u0117s\u00a0<br>Leofoto trikojis\u00a0<br>Drengr Precision Fatwolf \u0161audymo mai\u0161as\u00a0<br>Coletac flat bag \u0161audymo mai\u0161as\u00a0<br>Lufa &#8222;tactical table&#8221;\u00a0<\/td><\/tr><tr><td><strong>\u0160audmuo<\/strong>:<br>Kulka 6mm Berger LRHT 109gr<br>T\u016btel\u0117 Lapua 6mmBR<br>Parakas VV N150<br>Kapsul\u0117 CCI BR4<br>greitis 850 m\/s<br>Taiklumas 0,5 MOA @ 1000m<\/td><td><strong>\u0160audmuo:<\/strong><br>Kulka 6mm Hornady ELD-M 109gr \/ Berger LRHT 105gr&nbsp;<br>T\u016btel\u0117 Lapua 6mmBR&nbsp;<br>Parakas VV N150&nbsp;<br>Kapsul\u0117 CCI BR4&nbsp;<br>Greitis 840 m\/s&nbsp;<br>Taiklumas 0,5 MOA @ 300m&nbsp;<\/td><\/tr><tr><td><strong>Pasiekimai:<\/strong><br><strong>Precision rifle centerfire <\/strong><br>2024<br>PRS France &#8211; 13v<br>PRS Spain &#8211; 9v<br>PRS Viking Trail &#8211; 44v<br>PRS Poland Match III &#8211; 2V<br>2023<br>Botnia Long range, \u0160vedija &#8211; 6v <br>Arctic precision, \u0160vedija &#8211; 7v <br>Poland PRS match 3, Lenkija &#8211; 5v<br>PRS Finale, Norvegija &#8211; 11v<br>The European PRS Champioships 2023, Vengrija &#8211; 5v<br>Green Valley IPRF, Slovakija &#8211; 9v<br><br><strong>Precision rifle rimfire<\/strong><br>2023<strong><br><\/strong>Pasaulio \u010dempionatas Italija &#8211; 15v Open.<br><strong>Lietuvos \u010dempionatas &#8211; 2023m \u010cempionas<\/strong><br>Lietuvos \u010dempionato finalas &#8211; 1V<br>Lietuvos \u010dempionato 3 etapas &#8211; 1V<br>Lietuvos \u010dempionato 2 etapas &#8211; 1V<br>Lietuvos \u010dempionato 1 etapas &#8211; 3V<br><br><strong>Tactical sniper<\/strong><br>2024<br>Snipers Fest 2024<br>-1v Komandin\u0117 \u012fskaita<br>2023<br>1Shot Kovas &#8211; 3V<br>Snipers fest 2023 <br>&#8211; 6v Asmenin\u0117 \u012fskaita<br>&#8211; 3V Komandin\u0117 \u012fskaita<br>Taikliojo \u0161aulio taur\u0117 &#8211; 1V Tactical<br>1Shot &#8211; Gladiatori\u0173 arena &#8211; 2V<br>1Shot Karali\u0161kas Snaiperi\u0173 Riteri\u0173 Turnyras &#8211; 4V<br>2022<br>Snipers fest 2022<br>&#8211; 1v Asmenin\u0117 \u012fskaita<br>&#8211; 3V Komandin\u0117 \u012fskaita<\/td><td><strong>Pasiekimai:\u00a0<\/strong><br><strong>Precision rifle centerfire<\/strong>:<br>Poland PRS match 3, Lenkija &#8211; 4V<br>The European PRS Champioships 2023, Vengrija &#8211; 2V\u00a0<br>Green Valley IPRF, Slovakija &#8211; 11V<br><br><strong>2023m &#8211; Tactical Sniper:\u00a0<\/strong><br>1Shot Kovas &#8211;\u00a0 4V<br>Snipers fest 2023 &#8211; 3V, komandin\u0117 \u012fskaita &#8211; 3V<br>Taikliojo \u0161aulio taur\u0117 &#8211; 2V<br>1Shot Karali\u0161kas Snaiperi\u0173 Riteri\u0173 Turnyras &#8211; 3V<br><br><strong>2022m &#8211; precision rifle centerfire:<\/strong><br>Lietuvos IPRF 1 etapas &#8211; 3V<br>Lietuvos IPRF 2 etapas &#8211; 3V<br>Finale FRPRA, Pranc\u016bzija &#8211; 12V<br>2022 Precision Rifle World Championships, Pranc\u016bzija &#8211; 88V<br><br><strong>2022m &#8211; sniper:\u00a0<\/strong><br>1Shot Universalus kar\u017eygys &#8211;\u00a0 3V<\/td><\/tr><\/tbody><\/table><\/figure><\/div><\/div><\/div><\/div>","protected":false},"excerpt":{"rendered":"<p>Baltic sniper &#8211; Precizinio \u0161audymo sporto komanda Mindaugas Ka\u0161alynas Vygandas Dubickas Disciplinos:Precision rifle centerfire \/ rimfireTactical sniper Disciplinos:&nbsp;Precision rifle centerfire \/ Tactical Sniper&nbsp; \u012eranga:Impact Precision 737RSpuhr SICS ChassisCal. 6mm BR \/ .308 WinBartlein vamzdisBix n Andy Tac sport pro nuleistukasT.S.G Sweden YMIR kompensatoriusZero Compromise 8-40 optinis taikiklis\u00a0Spuhr ISMS monoblokasMDT Ckye pod double pull kojel\u0117sMDT elektrinis &hellip; <\/p>\n<p class=\"link-more\"><a href=\"https:\/\/www.balticsniper.lt\/?page_id=219\" class=\"more-link\">Toliau skaityti<span class=\"screen-reader-text\"> &#8222;Sporto komanda&#8221;<\/span><\/a><\/p>\n","protected":false},"author":1,"featured_media":0,"parent":0,"menu_order":0,"comment_status":"closed","ping_status":"closed","template":"","meta":{"footnotes":""},"class_list":["post-219","page","type-page","status-publish","hentry"],"jetpack_sharing_enabled":true,"_links":{"self":[{"href":"https:\/\/www.balticsniper.lt\/index.php?rest_route=\/wp\/v2\/pages\/219","targetHints":{"allow":["GET"]}}],"collection":[{"href":"https:\/\/www.balticsniper.lt\/index.php?rest_route=\/wp\/v2\/pages"}],"about":[{"href":"https:\/\/www.balticsniper.lt\/index.php?rest_route=\/wp\/v2\/types\/page"}],"author":[{"embeddable":true,"href":"https:\/\/www.balticsniper.lt\/index.php?rest_route=\/wp\/v2\/users\/1"}],"replies":[{"embeddable":true,"href":"https:\/\/www.balticsniper.lt\/index.php?rest_route=%2Fwp%2Fv2%2Fcomments&post=219"}],"version-history":[{"count":13,"href":"https:\/\/www.balticsniper.lt\/index.php?rest_route=\/wp\/v2\/pages\/219\/revisions"}],"predecessor-version":[{"id":239,"href":"https:\/\/www.balticsniper.lt\/index.php?rest_route=\/wp\/v2\/pages\/219\/revisions\/239"}],"wp:attachment":[{"href":"https:\/\/www.balticsniper.lt\/index.php?rest_route=%2Fwp%2Fv2%2Fmedia&parent=219"}],"curies":[{"name":"wp","href":"https:\/\/api.w.org\/{rel}","templated":true}]}}